{"id":88,"date":"2015-03-13T13:40:48","date_gmt":"2015-03-13T12:40:48","guid":{"rendered":"http:\/\/tdus-homepage.tdus.eu\/?page_id=88"},"modified":"2022-07-21T14:07:18","modified_gmt":"2022-07-21T12:07:18","slug":"technische-teile","status":"publish","type":"page","link":"https:\/\/tdus-homepage.tdus.eu\/?page_id=88","title":{"rendered":"Dienstleistung und Service"},"content":{"rendered":"<p>Technische Teile, Baugruppen, Vorrichtungen und Geh\u00e4use fertigen wir nach Ihren Vorgaben schnell, einfach und pr\u00e4zise. Moderne transparente Prozesse bieten maximale Flexibilit\u00e4t und den entscheidenden Vorsprung.<\/p>\n<p>Wir unterst\u00fctzen Sie bei der Entwicklung und der Integration elektronischer Baugruppen, Sensoren und Netzteile. Gerne \u00fcbernehmen wir Montagearbeiten und Funktionspr\u00fcfungen.<\/p>\n<p>Unsere langj\u00e4hrige Erfahrung rund um Produktzulassungen und Kennzeichnungen helfen von Beginn an die richtigen Entscheidungen zu treffen. Wir wissen was zu tun ist und beraten Sie gerne.<\/p>\n<h2>Entwicklung, Konstruktion und Erstellung von 3D-Modellen<\/h2>\n<p>Im modernen 3D-Druck fertigen wir einzelne Muster und Serienteile in unterschiedlichen Materialien.<\/p>\n<p>Die Kombination unterschiedlicher Fertigungsverfahren bringt oft den entscheidenden Vorteil. Es k\u00f6nnen so z.B. Teile im 3D-Druck entstehen die anschliessend auf einer CNC-Machine weiter bearbeitet werden.<\/p>\n<h2>Wir Konfektionieren f\u00fcr Sie&#8230;<\/h2>\n<p>Wir erledigen die Kleinarbeit, schnell, einfach und unkompliziert:<\/p>\n<ul>\n<li>Eint\u00fcten von Beipack wie Schrauben, D\u00fcbel, Bohrschablonen, Montagezubeh\u00f6r usw.<\/li>\n<li>Druckverschlu\u00dfbeutel oder Kartonagen mit individuellem Logo und Hinweisen bedruckt<\/li>\n<li>Zuschnitt von Klettband, Kabeln, EMV-Dichtungen, Folien usw.<\/li>\n<li>Kennzeichnungen aller Art<\/li>\n<li>Verpackung ihrer Produkte nach Ihren Vorgaben<\/li>\n<\/ul>\n<p>Wir bieten den Service den Sie ben\u00f6tigen, schnell, zuverl\u00e4ssig, g\u00fcnstig.<\/p>\n","protected":false},"excerpt":{"rendered":"<p>Technische Teile, Baugruppen, Vorrichtungen und Geh\u00e4use fertigen wir nach Ihren Vorgaben schnell, einfach und pr\u00e4zise. Moderne transparente Prozesse bieten maximale Flexibilit\u00e4t und den entscheidenden Vorsprung. Wir unterst\u00fctzen Sie bei der Entwicklung und der Integration elektronischer Baugruppen, Sensoren und Netzteile. Gerne \u00fcbernehmen wir Montagearbeiten und Funktionspr\u00fcfungen. Unsere langj\u00e4hrige Erfahrung rund um Produktzulassungen und Kennzeichnungen helfen von [&hellip;]<\/p>\n","protected":false},"author":1,"featured_media":0,"parent":0,"menu_order":0,"comment_status":"closed","ping_status":"closed","template":"","meta":{"footnotes":""},"class_list":["post-88","page","type-page","status-publish","hentry"],"_links":{"self":[{"href":"https:\/\/tdus-homepage.tdus.eu\/index.php?rest_route=\/wp\/v2\/pages\/88","targetHints":{"allow":["GET"]}}],"collection":[{"href":"https:\/\/tdus-homepage.tdus.eu\/index.php?rest_route=\/wp\/v2\/pages"}],"about":[{"href":"https:\/\/tdus-homepage.tdus.eu\/index.php?rest_route=\/wp\/v2\/types\/page"}],"author":[{"embeddable":true,"href":"https:\/\/tdus-homepage.tdus.eu\/index.php?rest_route=\/wp\/v2\/users\/1"}],"replies":[{"embeddable":true,"href":"https:\/\/tdus-homepage.tdus.eu\/index.php?rest_route=%2Fwp%2Fv2%2Fcomments&post=88"}],"version-history":[{"count":22,"href":"https:\/\/tdus-homepage.tdus.eu\/index.php?rest_route=\/wp\/v2\/pages\/88\/revisions"}],"predecessor-version":[{"id":239,"href":"https:\/\/tdus-homepage.tdus.eu\/index.php?rest_route=\/wp\/v2\/pages\/88\/revisions\/239"}],"wp:attachment":[{"href":"https:\/\/tdus-homepage.tdus.eu\/index.php?rest_route=%2Fwp%2Fv2%2Fmedia&parent=88"}],"curies":[{"name":"wp","href":"https:\/\/api.w.org\/{rel}","templated":true}]}}