{"id":92,"date":"2015-03-13T14:36:49","date_gmt":"2015-03-13T13:36:49","guid":{"rendered":"http:\/\/tdus-homepage.tdus.eu\/?page_id=92"},"modified":"2022-07-21T14:05:07","modified_gmt":"2022-07-21T12:05:07","slug":"kontakt","status":"publish","type":"page","link":"https:\/\/tdus-homepage.tdus.eu\/?page_id=92","title":{"rendered":"Impressum"},"content":{"rendered":"<p>Diese Seite wird betrieben von:<\/p>\n<p><strong>tdus &#8211; Technik Design und Service<\/strong><br \/>\nInh. Uwe Schmidt<br \/>\nBleichstrasse 5<br \/>\n55459 Grolsheim<br \/>\nTelefon: 0151-40509713<br \/>\nEmail: uwe.schmidt@tdus.eu<\/p>\n<p>USt-ID-Nr: DE 249964492<\/p>\n<hr \/>\n<p>Wir beanspruchen das Urheberrecht auf alle Dokumente und Grafiken dieser Seiten. Ausgenommen sind Logos fremder Firmen und Institutionen sowie Artikel und Grafiken, die mit Copyright von anderen Autoren gekennzeichnet sind. Manche Seiten k\u00f6nnen Produkt- oder Firmennamen beinhalten, die gesch\u00fctzte Handelsnamen sind. Das Recht an den Fachbeitr\u00e4gen haben ausschlie\u00dflich die dort zitierten Personen.<\/p>\n<p>F\u00fcr die Richtigkeit und Aktualit\u00e4t der angebotenen Informationen, insbesondere der rechtlichen Vorschriften, wird keine Gew\u00e4hr \u00fcbernommen. Alle Links und Nennungen von Fachbeitr\u00e4gen, Personen und anderen Daten auf dieser Homepage sind nicht als Wertung zu verstehen.<\/p>\n<p>F\u00fcr die Richtigkeit der Informationen, die diese Seite beinhaltet, haftet weder der Autor, der Provider, noch irgendeine nat\u00fcrliche oder juristische Person. Wir \u00fcbernehmen keine Verantwortung f\u00fcr Material, das von Dritten produziert oder ver\u00f6ffentlicht wurde oder f\u00fcr den Inhalt der hier verlinkten Seiten.<\/p>\n<p>Alle Informationen auf dieser Website werden einzig und allein zum Zwecke der allgemeinen und generellen Darstellung bereitgestellt und begr\u00fcnden keine gesch\u00e4ftlichen oder beruflichen Beziehungen irgendwelcher Art.<\/p>\n<p>21.07.2022<br \/>\nUwe Schmidt<\/p>\n<hr \/>\n","protected":false},"excerpt":{"rendered":"<p>Diese Seite wird betrieben von: tdus &#8211; Technik Design und Service Inh. Uwe Schmidt Bleichstrasse 5 55459 Grolsheim Telefon: 0151-40509713 Email: uwe.schmidt@tdus.eu USt-ID-Nr: DE 249964492 Wir beanspruchen das Urheberrecht auf alle Dokumente und Grafiken dieser Seiten. Ausgenommen sind Logos fremder Firmen und Institutionen sowie Artikel und Grafiken, die mit Copyright von anderen Autoren gekennzeichnet sind. [&hellip;]<\/p>\n","protected":false},"author":1,"featured_media":0,"parent":0,"menu_order":0,"comment_status":"closed","ping_status":"closed","template":"","meta":{"footnotes":""},"class_list":["post-92","page","type-page","status-publish","hentry"],"_links":{"self":[{"href":"https:\/\/tdus-homepage.tdus.eu\/index.php?rest_route=\/wp\/v2\/pages\/92","targetHints":{"allow":["GET"]}}],"collection":[{"href":"https:\/\/tdus-homepage.tdus.eu\/index.php?rest_route=\/wp\/v2\/pages"}],"about":[{"href":"https:\/\/tdus-homepage.tdus.eu\/index.php?rest_route=\/wp\/v2\/types\/page"}],"author":[{"embeddable":true,"href":"https:\/\/tdus-homepage.tdus.eu\/index.php?rest_route=\/wp\/v2\/users\/1"}],"replies":[{"embeddable":true,"href":"https:\/\/tdus-homepage.tdus.eu\/index.php?rest_route=%2Fwp%2Fv2%2Fcomments&post=92"}],"version-history":[{"count":13,"href":"https:\/\/tdus-homepage.tdus.eu\/index.php?rest_route=\/wp\/v2\/pages\/92\/revisions"}],"predecessor-version":[{"id":237,"href":"https:\/\/tdus-homepage.tdus.eu\/index.php?rest_route=\/wp\/v2\/pages\/92\/revisions\/237"}],"wp:attachment":[{"href":"https:\/\/tdus-homepage.tdus.eu\/index.php?rest_route=%2Fwp%2Fv2%2Fmedia&parent=92"}],"curies":[{"name":"wp","href":"https:\/\/api.w.org\/{rel}","templated":true}]}}